{"id":37410,"date":"2025-03-19T14:38:32","date_gmt":"2025-03-19T14:38:32","guid":{"rendered":"https:\/\/elecosoft.com\/de\/?page_id=37410"},"modified":"2025-03-19T14:58:15","modified_gmt":"2025-03-19T14:58:15","slug":"consulting-dienstleistungen-copy","status":"publish","type":"page","link":"https:\/\/elecosoft.com\/de\/formular-fuer-beratungsanfragen\/","title":{"rendered":"Formular f\u00fcr Beratungsanfragen"},"content":{"rendered":"","protected":false},"excerpt":{"rendered":"","protected":false},"author":4,"featured_media":0,"parent":20136,"menu_order":0,"comment_status":"closed","ping_status":"closed","template":"","meta":{"footnotes":""},"class_list":["post-37410","page","type-page","status-publish","hentry","archived-post"],"yoast_head":"<!-- This site is optimized with the Yoast SEO plugin v26.9 - https:\/\/yoast.com\/product\/yoast-seo-wordpress\/ -->\n<title>Formular f\u00fcr Beratungsanfragen - Elecosoft<\/title>\n<meta name=\"description\" content=\"Unser Expertenteam passt Ihre Software an die spezifischen Anforderungen Ihres Unternehmens an: Wir \u00fcberpr\u00fcfen und verbessern Prozesse, erstellen ma\u00dfgeschneiderte Vorlagen oder individuelle Berichtsformate im Stil Ihres Unternehmens und bieten ma\u00dfgeschneiderte Schulungen an.\" \/>\n<meta name=\"robots\" content=\"index, follow, max-snippet:-1, max-image-preview:large, max-video-preview:-1\" \/>\n<link rel=\"canonical\" href=\"https:\/\/elecosoft.com\/de\/formular-fuer-beratungsanfragen\/\" \/>\n<meta property=\"og:locale\" content=\"de_DE\" \/>\n<meta property=\"og:type\" content=\"article\" \/>\n<meta property=\"og:title\" content=\"Formular f\u00fcr Beratungsanfragen - Elecosoft\" \/>\n<meta property=\"og:description\" content=\"Unser Expertenteam passt Ihre Software an die spezifischen Anforderungen Ihres Unternehmens an: Wir \u00fcberpr\u00fcfen und verbessern Prozesse, erstellen ma\u00dfgeschneiderte Vorlagen oder individuelle Berichtsformate im Stil Ihres Unternehmens und bieten ma\u00dfgeschneiderte Schulungen an.\" \/>\n<meta property=\"og:url\" content=\"https:\/\/elecosoft.com\/de\/formular-fuer-beratungsanfragen\/\" \/>\n<meta property=\"og:site_name\" content=\"Elecosoft\" \/>\n<meta property=\"article:modified_time\" content=\"2025-03-19T14:58:15+00:00\" \/>\n<meta name=\"twitter:card\" content=\"summary_large_image\" \/>\n<script type=\"application\/ld+json\" class=\"yoast-schema-graph\">{\"@context\":\"https:\/\/schema.org\",\"@graph\":[{\"@type\":\"WebPage\",\"@id\":\"https:\/\/elecosoft.com\/de\/formular-fuer-beratungsanfragen\/\",\"url\":\"https:\/\/elecosoft.com\/de\/formular-fuer-beratungsanfragen\/\",\"name\":\"Formular f\u00fcr Beratungsanfragen - Elecosoft\",\"isPartOf\":{\"@id\":\"https:\/\/elecosoft.com\/de\/#website\"},\"datePublished\":\"2025-03-19T14:38:32+00:00\",\"dateModified\":\"2025-03-19T14:58:15+00:00\",\"description\":\"Unser Expertenteam passt Ihre Software an die spezifischen Anforderungen Ihres Unternehmens an: Wir \u00fcberpr\u00fcfen und verbessern Prozesse, erstellen ma\u00dfgeschneiderte Vorlagen oder individuelle Berichtsformate im Stil Ihres Unternehmens und bieten ma\u00dfgeschneiderte Schulungen an.\",\"breadcrumb\":{\"@id\":\"https:\/\/elecosoft.com\/de\/formular-fuer-beratungsanfragen\/#breadcrumb\"},\"inLanguage\":\"de\",\"potentialAction\":[{\"@type\":\"ReadAction\",\"target\":[\"https:\/\/elecosoft.com\/de\/formular-fuer-beratungsanfragen\/\"]}]},{\"@type\":\"BreadcrumbList\",\"@id\":\"https:\/\/elecosoft.com\/de\/formular-fuer-beratungsanfragen\/#breadcrumb\",\"itemListElement\":[{\"@type\":\"ListItem\",\"position\":1,\"name\":\"Dienstleistungen\",\"item\":\"https:\/\/elecosoft.com\/de\/dienstleistungen\/\"},{\"@type\":\"ListItem\",\"position\":2,\"name\":\"Consulting-Dienstleistungen\",\"item\":\"https:\/\/elecosoft.com\/de\/beratungsdienstleistungen\/\"},{\"@type\":\"ListItem\",\"position\":3,\"name\":\"Formular f\u00fcr Beratungsanfragen\"}]},{\"@type\":\"WebSite\",\"@id\":\"https:\/\/elecosoft.com\/de\/#website\",\"url\":\"https:\/\/elecosoft.com\/de\/\",\"name\":\"Elecosoft\",\"description\":\"\",\"publisher\":{\"@id\":\"https:\/\/elecosoft.com\/de\/#organization\"},\"potentialAction\":[{\"@type\":\"SearchAction\",\"target\":{\"@type\":\"EntryPoint\",\"urlTemplate\":\"https:\/\/elecosoft.com\/de\/?s={search_term_string}\"},\"query-input\":{\"@type\":\"PropertyValueSpecification\",\"valueRequired\":true,\"valueName\":\"search_term_string\"}}],\"inLanguage\":\"de\"},{\"@type\":\"Organization\",\"@id\":\"https:\/\/elecosoft.com\/de\/#organization\",\"name\":\"Elecosoft\",\"url\":\"https:\/\/elecosoft.com\/de\/\",\"logo\":{\"@type\":\"ImageObject\",\"inLanguage\":\"de\",\"@id\":\"https:\/\/elecosoft.com\/de\/#\/schema\/logo\/image\/\",\"url\":\"https:\/\/elecosoft.com\/de\/wp-content\/uploads\/2020\/04\/desktop_logo.svg\",\"contentUrl\":\"https:\/\/elecosoft.com\/de\/wp-content\/uploads\/2020\/04\/desktop_logo.svg\",\"width\":1,\"height\":1,\"caption\":\"Elecosoft\"},\"image\":{\"@id\":\"https:\/\/elecosoft.com\/de\/#\/schema\/logo\/image\/\"}}]}<\/script>\n<!-- \/ Yoast SEO plugin. -->","yoast_head_json":{"title":"Formular f\u00fcr Beratungsanfragen - Elecosoft","description":"Unser Expertenteam passt Ihre Software an die spezifischen Anforderungen Ihres Unternehmens an: Wir \u00fcberpr\u00fcfen und verbessern Prozesse, erstellen ma\u00dfgeschneiderte Vorlagen oder individuelle Berichtsformate im Stil Ihres Unternehmens und bieten ma\u00dfgeschneiderte Schulungen an.","robots":{"index":"index","follow":"follow","max-snippet":"max-snippet:-1","max-image-preview":"max-image-preview:large","max-video-preview":"max-video-preview:-1"},"canonical":"https:\/\/elecosoft.com\/de\/formular-fuer-beratungsanfragen\/","og_locale":"de_DE","og_type":"article","og_title":"Formular f\u00fcr Beratungsanfragen - Elecosoft","og_description":"Unser Expertenteam passt Ihre Software an die spezifischen Anforderungen Ihres Unternehmens an: Wir \u00fcberpr\u00fcfen und verbessern Prozesse, erstellen ma\u00dfgeschneiderte Vorlagen oder individuelle Berichtsformate im Stil Ihres Unternehmens und bieten ma\u00dfgeschneiderte Schulungen an.","og_url":"https:\/\/elecosoft.com\/de\/formular-fuer-beratungsanfragen\/","og_site_name":"Elecosoft","article_modified_time":"2025-03-19T14:58:15+00:00","twitter_card":"summary_large_image","schema":{"@context":"https:\/\/schema.org","@graph":[{"@type":"WebPage","@id":"https:\/\/elecosoft.com\/de\/formular-fuer-beratungsanfragen\/","url":"https:\/\/elecosoft.com\/de\/formular-fuer-beratungsanfragen\/","name":"Formular f\u00fcr Beratungsanfragen - Elecosoft","isPartOf":{"@id":"https:\/\/elecosoft.com\/de\/#website"},"datePublished":"2025-03-19T14:38:32+00:00","dateModified":"2025-03-19T14:58:15+00:00","description":"Unser Expertenteam passt Ihre Software an die spezifischen Anforderungen Ihres Unternehmens an: Wir \u00fcberpr\u00fcfen und verbessern Prozesse, erstellen ma\u00dfgeschneiderte Vorlagen oder individuelle Berichtsformate im Stil Ihres Unternehmens und bieten ma\u00dfgeschneiderte Schulungen an.","breadcrumb":{"@id":"https:\/\/elecosoft.com\/de\/formular-fuer-beratungsanfragen\/#breadcrumb"},"inLanguage":"de","potentialAction":[{"@type":"ReadAction","target":["https:\/\/elecosoft.com\/de\/formular-fuer-beratungsanfragen\/"]}]},{"@type":"BreadcrumbList","@id":"https:\/\/elecosoft.com\/de\/formular-fuer-beratungsanfragen\/#breadcrumb","itemListElement":[{"@type":"ListItem","position":1,"name":"Dienstleistungen","item":"https:\/\/elecosoft.com\/de\/dienstleistungen\/"},{"@type":"ListItem","position":2,"name":"Consulting-Dienstleistungen","item":"https:\/\/elecosoft.com\/de\/beratungsdienstleistungen\/"},{"@type":"ListItem","position":3,"name":"Formular f\u00fcr Beratungsanfragen"}]},{"@type":"WebSite","@id":"https:\/\/elecosoft.com\/de\/#website","url":"https:\/\/elecosoft.com\/de\/","name":"Elecosoft","description":"","publisher":{"@id":"https:\/\/elecosoft.com\/de\/#organization"},"potentialAction":[{"@type":"SearchAction","target":{"@type":"EntryPoint","urlTemplate":"https:\/\/elecosoft.com\/de\/?s={search_term_string}"},"query-input":{"@type":"PropertyValueSpecification","valueRequired":true,"valueName":"search_term_string"}}],"inLanguage":"de"},{"@type":"Organization","@id":"https:\/\/elecosoft.com\/de\/#organization","name":"Elecosoft","url":"https:\/\/elecosoft.com\/de\/","logo":{"@type":"ImageObject","inLanguage":"de","@id":"https:\/\/elecosoft.com\/de\/#\/schema\/logo\/image\/","url":"https:\/\/elecosoft.com\/de\/wp-content\/uploads\/2020\/04\/desktop_logo.svg","contentUrl":"https:\/\/elecosoft.com\/de\/wp-content\/uploads\/2020\/04\/desktop_logo.svg","width":1,"height":1,"caption":"Elecosoft"},"image":{"@id":"https:\/\/elecosoft.com\/de\/#\/schema\/logo\/image\/"}}]}},"_links":{"self":[{"href":"https:\/\/elecosoft.com\/de\/wp-json\/wp\/v2\/pages\/37410","targetHints":{"allow":["GET"]}}],"collection":[{"href":"https:\/\/elecosoft.com\/de\/wp-json\/wp\/v2\/pages"}],"about":[{"href":"https:\/\/elecosoft.com\/de\/wp-json\/wp\/v2\/types\/page"}],"author":[{"embeddable":true,"href":"https:\/\/elecosoft.com\/de\/wp-json\/wp\/v2\/users\/4"}],"replies":[{"embeddable":true,"href":"https:\/\/elecosoft.com\/de\/wp-json\/wp\/v2\/comments?post=37410"}],"version-history":[{"count":5,"href":"https:\/\/elecosoft.com\/de\/wp-json\/wp\/v2\/pages\/37410\/revisions"}],"predecessor-version":[{"id":37421,"href":"https:\/\/elecosoft.com\/de\/wp-json\/wp\/v2\/pages\/37410\/revisions\/37421"}],"up":[{"embeddable":true,"href":"https:\/\/elecosoft.com\/de\/wp-json\/wp\/v2\/pages\/20136"}],"wp:attachment":[{"href":"https:\/\/elecosoft.com\/de\/wp-json\/wp\/v2\/media?parent=37410"}],"curies":[{"name":"wp","href":"https:\/\/api.w.org\/{rel}","templated":true}]}}